{"id":425,"date":"2025-05-30T22:53:32","date_gmt":"2025-05-30T19:53:32","guid":{"rendered":"https:\/\/ascfixing.com\/urunler\/"},"modified":"2026-02-24T18:38:33","modified_gmt":"2026-02-24T15:38:33","slug":"urunler","status":"publish","type":"page","link":"https:\/\/www.ascfixing.com\/tr\/urunler\/","title":{"rendered":"\u00dcr\u00fcnler"},"content":{"rendered":"\t\t<div data-elementor-type=\"wp-page\" data-elementor-id=\"425\" class=\"elementor elementor-425 elementor-22\" data-elementor-post-type=\"page\">\n\t\t\t\t\t\t<section class=\"elementor-section elementor-top-section elementor-element elementor-element-0d011a8 elementor-section-full_width elementor-section-height-default elementor-section-height-default\" data-id=\"0d011a8\" data-element_type=\"section\" data-settings=\"{&quot;background_background&quot;:&quot;classic&quot;}\">\n\t\t\t\t\t\t<div class=\"elementor-container elementor-column-gap-default\">\n\t\t\t\t\t<div class=\"elementor-column elementor-col-100 elementor-top-column elementor-element elementor-element-02a19fb\" data-id=\"02a19fb\" data-element_type=\"column\">\n\t\t\t<div class=\"elementor-widget-wrap elementor-element-populated\">\n\t\t\t\t\t\t<div class=\"elementor-element elementor-element-d82fe22 elementor-widget elementor-widget-template\" data-id=\"d82fe22\" data-element_type=\"widget\" data-widget_type=\"template.default\">\n\t\t\t\t<div class=\"elementor-widget-container\">\n\t\t\t\t\t\t\t<div class=\"elementor-template\">\n\t\t\t\t\t<div data-elementor-type=\"section\" data-elementor-id=\"427\" class=\"elementor elementor-427 elementor-340\" data-elementor-post-type=\"elementor_library\">\n\t\t\t\t\t<section class=\"elementor-section elementor-top-section elementor-element elementor-element-1ad60f1a elementor-section-boxed elementor-section-height-default elementor-section-height-default\" data-id=\"1ad60f1a\" data-element_type=\"section\">\n\t\t\t\t\t\t<div class=\"elementor-container elementor-column-gap-default\">\n\t\t\t\t\t<div class=\"elementor-column elementor-col-33 elementor-top-column elementor-element elementor-element-603cfc05 animated-slow\" data-id=\"603cfc05\" data-element_type=\"column\" data-settings=\"{&quot;background_background&quot;:&quot;classic&quot;,&quot;animation&quot;:&quot;none&quot;}\">\n\t\t\t<div class=\"elementor-widget-wrap elementor-element-populated\">\n\t\t\t\t\t\t<div class=\"elementor-element elementor-element-36977169 elementor-widget elementor-widget-image\" data-id=\"36977169\" data-element_type=\"widget\" data-widget_type=\"image.default\">\n\t\t\t\t<div class=\"elementor-widget-container\">\n\t\t\t\t\t\t\t\t\t\t\t\t\t\t\t\t<a href=\"https:\/\/ascfixing.com\/tr\/c\/urunler\/kelepceler\/\">\n\t\t\t\t\t\t\t<img fetchpriority=\"high\" decoding=\"async\" width=\"520\" height=\"560\" src=\"https:\/\/www.ascfixing.com\/wp-content\/uploads\/2025\/06\/pipe-clamp-main.a7eff62b2fb4bb4c9d11.jpg\" class=\"attachment-large size-large wp-image-194\" alt=\"\" srcset=\"https:\/\/www.ascfixing.com\/wp-content\/uploads\/2025\/06\/pipe-clamp-main.a7eff62b2fb4bb4c9d11.jpg 520w, https:\/\/www.ascfixing.com\/wp-content\/uploads\/2025\/06\/pipe-clamp-main.a7eff62b2fb4bb4c9d11-279x300.jpg 279w\" sizes=\"(max-width: 520px) 100vw, 520px\" \/>\t\t\t\t\t\t\t\t<\/a>\n\t\t\t\t\t\t\t\t\t\t\t\t\t\t\t<\/div>\n\t\t\t\t<\/div>\n\t\t\t\t<div class=\"elementor-element elementor-element-26e10842 elementor-widget elementor-widget-heading\" data-id=\"26e10842\" data-element_type=\"widget\" data-widget_type=\"heading.default\">\n\t\t\t\t<div class=\"elementor-widget-container\">\n\t\t\t\t\t<h2 class=\"elementor-heading-title elementor-size-default\"><a href=\"https:\/\/ascfixing.com\/tr\/c\/urunler\/kelepceler\/\">KELEP\u00c7ELER<\/a><\/h2>\t\t\t\t<\/div>\n\t\t\t\t<\/div>\n\t\t\t\t\t<\/div>\n\t\t<\/div>\n\t\t\t\t<div class=\"elementor-column elementor-col-33 elementor-top-column elementor-element elementor-element-3e88343f animated-slow\" data-id=\"3e88343f\" data-element_type=\"column\" data-settings=\"{&quot;background_background&quot;:&quot;classic&quot;,&quot;animation&quot;:&quot;none&quot;}\">\n\t\t\t<div class=\"elementor-widget-wrap elementor-element-populated\">\n\t\t\t\t\t\t<div class=\"elementor-element elementor-element-9a08323 elementor-widget elementor-widget-image\" data-id=\"9a08323\" data-element_type=\"widget\" data-widget_type=\"image.default\">\n\t\t\t\t<div class=\"elementor-widget-container\">\n\t\t\t\t\t\t\t\t\t\t\t\t\t\t\t\t<a href=\"https:\/\/ascfixing.com\/tr\/c\/urunler\/profil-ve-konsollar\/\">\n\t\t\t\t\t\t\t<img decoding=\"async\" width=\"520\" height=\"560\" src=\"https:\/\/www.ascfixing.com\/wp-content\/uploads\/2025\/06\/profile-console-main.75cd9a2d7964cf665144.jpg\" class=\"attachment-large size-large wp-image-196\" alt=\"\" srcset=\"https:\/\/www.ascfixing.com\/wp-content\/uploads\/2025\/06\/profile-console-main.75cd9a2d7964cf665144.jpg 520w, https:\/\/www.ascfixing.com\/wp-content\/uploads\/2025\/06\/profile-console-main.75cd9a2d7964cf665144-279x300.jpg 279w\" sizes=\"(max-width: 520px) 100vw, 520px\" \/>\t\t\t\t\t\t\t\t<\/a>\n\t\t\t\t\t\t\t\t\t\t\t\t\t\t\t<\/div>\n\t\t\t\t<\/div>\n\t\t\t\t<div class=\"elementor-element elementor-element-41e74b7d elementor-widget elementor-widget-heading\" data-id=\"41e74b7d\" data-element_type=\"widget\" data-widget_type=\"heading.default\">\n\t\t\t\t<div class=\"elementor-widget-container\">\n\t\t\t\t\t<h2 class=\"elementor-heading-title elementor-size-default\"><a href=\"https:\/\/ascfixing.com\/tr\/c\/urunler\/profil-ve-konsollar\/\">PROF\u0130L VE KONSOLLAR<\/a><\/h2>\t\t\t\t<\/div>\n\t\t\t\t<\/div>\n\t\t\t\t\t<\/div>\n\t\t<\/div>\n\t\t\t\t<div class=\"elementor-column elementor-col-33 elementor-top-column elementor-element elementor-element-88f7257 animated-slow\" data-id=\"88f7257\" data-element_type=\"column\" data-settings=\"{&quot;background_background&quot;:&quot;classic&quot;,&quot;animation&quot;:&quot;none&quot;}\">\n\t\t\t<div class=\"elementor-widget-wrap elementor-element-populated\">\n\t\t\t\t\t\t<div class=\"elementor-element elementor-element-1a19c6a1 elementor-widget elementor-widget-image\" data-id=\"1a19c6a1\" data-element_type=\"widget\" data-widget_type=\"image.default\">\n\t\t\t\t<div class=\"elementor-widget-container\">\n\t\t\t\t\t\t\t\t\t\t\t\t\t\t\t\t<a href=\"https:\/\/ascfixing.com\/tr\/c\/urunler\/diger-baglanti-elemanlari\/\">\n\t\t\t\t\t\t\t<img decoding=\"async\" width=\"520\" height=\"560\" src=\"https:\/\/www.ascfixing.com\/wp-content\/uploads\/2025\/06\/other-fittings-main.1c6d92dadd7d8ca514a1.jpg\" class=\"attachment-large size-large wp-image-192\" alt=\"\" srcset=\"https:\/\/www.ascfixing.com\/wp-content\/uploads\/2025\/06\/other-fittings-main.1c6d92dadd7d8ca514a1.jpg 520w, https:\/\/www.ascfixing.com\/wp-content\/uploads\/2025\/06\/other-fittings-main.1c6d92dadd7d8ca514a1-279x300.jpg 279w\" sizes=\"(max-width: 520px) 100vw, 520px\" \/>\t\t\t\t\t\t\t\t<\/a>\n\t\t\t\t\t\t\t\t\t\t\t\t\t\t\t<\/div>\n\t\t\t\t<\/div>\n\t\t\t\t<div class=\"elementor-element elementor-element-2be14ca1 elementor-widget elementor-widget-heading\" data-id=\"2be14ca1\" data-element_type=\"widget\" data-widget_type=\"heading.default\">\n\t\t\t\t<div class=\"elementor-widget-container\">\n\t\t\t\t\t<h2 class=\"elementor-heading-title elementor-size-default\"><a href=\"https:\/\/ascfixing.com\/tr\/c\/urunler\/diger-baglanti-elemanlari\/\">D\u0130\u011eER BA\u011eLANTI ELEMANLARI<\/a><\/h2>\t\t\t\t<\/div>\n\t\t\t\t<\/div>\n\t\t\t\t\t<\/div>\n\t\t<\/div>\n\t\t\t\t\t<\/div>\n\t\t<\/section>\n\t\t\t\t<\/div>\n\t\t\t\t<\/div>\n\t\t\t\t\t\t<\/div>\n\t\t\t\t<\/div>\n\t\t\t\t\t<\/div>\n\t\t<\/div>\n\t\t\t\t\t<\/div>\n\t\t<\/section>\n\t\t\t\t<\/div>\n\t\t","protected":false},"excerpt":{"rendered":"","protected":false},"author":1,"featured_media":0,"parent":0,"menu_order":0,"comment_status":"closed","ping_status":"closed","template":"elementor_header_footer","meta":{"footnotes":""},"class_list":["post-425","page","type-page","status-publish","hentry"],"acf":[],"yoast_head":"<!-- This site is optimized with the Yoast SEO plugin v26.8 - https:\/\/yoast.com\/product\/yoast-seo-wordpress\/ -->\n<title>\u00dcr\u00fcnler - Asc Fixing<\/title>\n<meta name=\"robots\" content=\"index, follow, max-snippet:-1, max-image-preview:large, max-video-preview:-1\" \/>\n<link rel=\"canonical\" href=\"https:\/\/www.ascfixing.com\/urunler\/\" \/>\n<meta property=\"og:locale\" content=\"tr_TR\" \/>\n<meta property=\"og:type\" content=\"article\" \/>\n<meta property=\"og:title\" content=\"\u00dcr\u00fcnler - Asc Fixing\" \/>\n<meta property=\"og:url\" content=\"https:\/\/www.ascfixing.com\/urunler\/\" \/>\n<meta property=\"og:site_name\" content=\"Asc Fixing\" \/>\n<meta property=\"article:modified_time\" content=\"2026-02-24T15:38:33+00:00\" \/>\n<meta name=\"twitter:card\" content=\"summary_large_image\" \/>\n<script type=\"application\/ld+json\" class=\"yoast-schema-graph\">{\"@context\":\"https:\/\/schema.org\",\"@graph\":[{\"@type\":\"WebPage\",\"@id\":\"https:\/\/www.ascfixing.com\/urunler\/\",\"url\":\"https:\/\/www.ascfixing.com\/urunler\/\",\"name\":\"\u00dcr\u00fcnler - Asc Fixing\",\"isPartOf\":{\"@id\":\"https:\/\/www.ascfixing.com\/it\/#website\"},\"datePublished\":\"2025-05-30T19:53:32+00:00\",\"dateModified\":\"2026-02-24T15:38:33+00:00\",\"breadcrumb\":{\"@id\":\"https:\/\/www.ascfixing.com\/urunler\/#breadcrumb\"},\"inLanguage\":\"tr\",\"potentialAction\":[{\"@type\":\"ReadAction\",\"target\":[\"https:\/\/www.ascfixing.com\/urunler\/\"]}]},{\"@type\":\"BreadcrumbList\",\"@id\":\"https:\/\/www.ascfixing.com\/urunler\/#breadcrumb\",\"itemListElement\":[{\"@type\":\"ListItem\",\"position\":1,\"name\":\"Anasayfa\",\"item\":\"https:\/\/www.ascfixing.com\/\"},{\"@type\":\"ListItem\",\"position\":2,\"name\":\"\u00dcr\u00fcnler\"}]},{\"@type\":\"WebSite\",\"@id\":\"https:\/\/www.ascfixing.com\/it\/#website\",\"url\":\"https:\/\/www.ascfixing.com\/it\/\",\"name\":\"Asc Fixing\",\"description\":\"\",\"publisher\":{\"@id\":\"https:\/\/www.ascfixing.com\/it\/#organization\"},\"potentialAction\":[{\"@type\":\"SearchAction\",\"target\":{\"@type\":\"EntryPoint\",\"urlTemplate\":\"https:\/\/www.ascfixing.com\/it\/?s={search_term_string}\"},\"query-input\":{\"@type\":\"PropertyValueSpecification\",\"valueRequired\":true,\"valueName\":\"search_term_string\"}}],\"inLanguage\":\"tr\"},{\"@type\":\"Organization\",\"@id\":\"https:\/\/www.ascfixing.com\/it\/#organization\",\"name\":\"Asc Fixing\",\"url\":\"https:\/\/www.ascfixing.com\/it\/\",\"logo\":{\"@type\":\"ImageObject\",\"inLanguage\":\"tr\",\"@id\":\"https:\/\/www.ascfixing.com\/it\/#\/schema\/logo\/image\/\",\"url\":\"https:\/\/www.ascfixing.com\/wp-content\/uploads\/2025\/05\/asc-fixing-budanmis.png\",\"contentUrl\":\"https:\/\/www.ascfixing.com\/wp-content\/uploads\/2025\/05\/asc-fixing-budanmis.png\",\"width\":1666,\"height\":606,\"caption\":\"Asc Fixing\"},\"image\":{\"@id\":\"https:\/\/www.ascfixing.com\/it\/#\/schema\/logo\/image\/\"}}]}<\/script>\n<!-- \/ Yoast SEO plugin. -->","yoast_head_json":{"title":"\u00dcr\u00fcnler - Asc Fixing","robots":{"index":"index","follow":"follow","max-snippet":"max-snippet:-1","max-image-preview":"max-image-preview:large","max-video-preview":"max-video-preview:-1"},"canonical":"https:\/\/www.ascfixing.com\/urunler\/","og_locale":"tr_TR","og_type":"article","og_title":"\u00dcr\u00fcnler - Asc Fixing","og_url":"https:\/\/www.ascfixing.com\/urunler\/","og_site_name":"Asc Fixing","article_modified_time":"2026-02-24T15:38:33+00:00","twitter_card":"summary_large_image","schema":{"@context":"https:\/\/schema.org","@graph":[{"@type":"WebPage","@id":"https:\/\/www.ascfixing.com\/urunler\/","url":"https:\/\/www.ascfixing.com\/urunler\/","name":"\u00dcr\u00fcnler - Asc Fixing","isPartOf":{"@id":"https:\/\/www.ascfixing.com\/it\/#website"},"datePublished":"2025-05-30T19:53:32+00:00","dateModified":"2026-02-24T15:38:33+00:00","breadcrumb":{"@id":"https:\/\/www.ascfixing.com\/urunler\/#breadcrumb"},"inLanguage":"tr","potentialAction":[{"@type":"ReadAction","target":["https:\/\/www.ascfixing.com\/urunler\/"]}]},{"@type":"BreadcrumbList","@id":"https:\/\/www.ascfixing.com\/urunler\/#breadcrumb","itemListElement":[{"@type":"ListItem","position":1,"name":"Anasayfa","item":"https:\/\/www.ascfixing.com\/"},{"@type":"ListItem","position":2,"name":"\u00dcr\u00fcnler"}]},{"@type":"WebSite","@id":"https:\/\/www.ascfixing.com\/it\/#website","url":"https:\/\/www.ascfixing.com\/it\/","name":"Asc Fixing","description":"","publisher":{"@id":"https:\/\/www.ascfixing.com\/it\/#organization"},"potentialAction":[{"@type":"SearchAction","target":{"@type":"EntryPoint","urlTemplate":"https:\/\/www.ascfixing.com\/it\/?s={search_term_string}"},"query-input":{"@type":"PropertyValueSpecification","valueRequired":true,"valueName":"search_term_string"}}],"inLanguage":"tr"},{"@type":"Organization","@id":"https:\/\/www.ascfixing.com\/it\/#organization","name":"Asc Fixing","url":"https:\/\/www.ascfixing.com\/it\/","logo":{"@type":"ImageObject","inLanguage":"tr","@id":"https:\/\/www.ascfixing.com\/it\/#\/schema\/logo\/image\/","url":"https:\/\/www.ascfixing.com\/wp-content\/uploads\/2025\/05\/asc-fixing-budanmis.png","contentUrl":"https:\/\/www.ascfixing.com\/wp-content\/uploads\/2025\/05\/asc-fixing-budanmis.png","width":1666,"height":606,"caption":"Asc Fixing"},"image":{"@id":"https:\/\/www.ascfixing.com\/it\/#\/schema\/logo\/image\/"}}]}},"_links":{"self":[{"href":"https:\/\/www.ascfixing.com\/tr\/wp-json\/wp\/v2\/pages\/425","targetHints":{"allow":["GET"]}}],"collection":[{"href":"https:\/\/www.ascfixing.com\/tr\/wp-json\/wp\/v2\/pages"}],"about":[{"href":"https:\/\/www.ascfixing.com\/tr\/wp-json\/wp\/v2\/types\/page"}],"author":[{"embeddable":true,"href":"https:\/\/www.ascfixing.com\/tr\/wp-json\/wp\/v2\/users\/1"}],"replies":[{"embeddable":true,"href":"https:\/\/www.ascfixing.com\/tr\/wp-json\/wp\/v2\/comments?post=425"}],"version-history":[{"count":1,"href":"https:\/\/www.ascfixing.com\/tr\/wp-json\/wp\/v2\/pages\/425\/revisions"}],"predecessor-version":[{"id":426,"href":"https:\/\/www.ascfixing.com\/tr\/wp-json\/wp\/v2\/pages\/425\/revisions\/426"}],"wp:attachment":[{"href":"https:\/\/www.ascfixing.com\/tr\/wp-json\/wp\/v2\/media?parent=425"}],"curies":[{"name":"wp","href":"https:\/\/api.w.org\/{rel}","templated":true}]}}