{"id":4549,"date":"2025-05-30T22:52:27","date_gmt":"2025-05-30T19:52:27","guid":{"rendered":"https:\/\/ascfixing.com\/a-propos-de-nous\/"},"modified":"2026-01-28T14:12:19","modified_gmt":"2026-01-28T11:12:19","slug":"a-propos-de-nous","status":"publish","type":"page","link":"https:\/\/www.ascfixing.com\/fr\/a-propos-de-nous\/","title":{"rendered":"\u00c0 PROPOS DE NOUS"},"content":{"rendered":"\t\t<div data-elementor-type=\"wp-page\" data-elementor-id=\"4549\" class=\"elementor elementor-4549 elementor-19\" data-elementor-post-type=\"page\">\n\t\t\t\t\t\t<section class=\"elementor-section elementor-top-section elementor-element elementor-element-14bd8eb elementor-section-boxed elementor-section-height-default elementor-section-height-default\" data-id=\"14bd8eb\" data-element_type=\"section\">\n\t\t\t\t\t\t<div class=\"elementor-container elementor-column-gap-default\">\n\t\t\t\t\t<div class=\"elementor-column elementor-col-50 elementor-top-column elementor-element elementor-element-59ac254\" data-id=\"59ac254\" data-element_type=\"column\">\n\t\t\t<div class=\"elementor-widget-wrap elementor-element-populated\">\n\t\t\t\t\t\t<div class=\"elementor-element elementor-element-2d8937a elementor-widget elementor-widget-heading\" data-id=\"2d8937a\" data-element_type=\"widget\" data-widget_type=\"heading.default\">\n\t\t\t\t<div class=\"elementor-widget-container\">\n\t\t\t\t\t<h2 class=\"elementor-heading-title elementor-size-default\">HAKKIMIZDA<\/h2>\t\t\t\t<\/div>\n\t\t\t\t<\/div>\n\t\t\t\t<div class=\"elementor-element elementor-element-1a1123f elementor-widget elementor-widget-text-editor\" data-id=\"1a1123f\" data-element_type=\"widget\" data-widget_type=\"text-editor.default\">\n\t\t\t\t<div class=\"elementor-widget-container\">\n\t\t\t\t\t\t\t\t\t<div class=\"lg:flex-grow lg:pr-24 md:pr-16 block flex-col md:mb-0 items-center deneme\">\n<p class=\"text-sm mb-8 leading-relaxed\">ASC FIXING est une marque recherch\u00e9e dans l&rsquo;industrie de la plomberie et de la climatisation, reconnue pour sa qualit\u00e9 et la satisfaction de ses clients. Colliers de serrage, profil\u00e9s et divers produits de raccords offrent les meilleures solutions.<\/p>\n<\/div>\n\t\t\t\t\t\t\t\t<\/div>\n\t\t\t\t<\/div>\n\t\t\t\t\t<\/div>\n\t\t<\/div>\n\t\t\t\t<div class=\"elementor-column elementor-col-50 elementor-top-column elementor-element elementor-element-8f442b0\" data-id=\"8f442b0\" data-element_type=\"column\">\n\t\t\t<div class=\"elementor-widget-wrap elementor-element-populated\">\n\t\t\t\t\t\t<div class=\"elementor-element elementor-element-dc33d17 elementor-widget elementor-widget-image\" data-id=\"dc33d17\" data-element_type=\"widget\" data-widget_type=\"image.default\">\n\t\t\t\t<div class=\"elementor-widget-container\">\n\t\t\t\t\t\t\t\t\t\t\t\t\t\t\t<img fetchpriority=\"high\" decoding=\"async\" width=\"800\" height=\"375\" src=\"https:\/\/www.ascfixing.com\/wp-content\/uploads\/2025\/06\/ascelik.0bcf1026171390b72931.jpg\" class=\"attachment-large size-large wp-image-512\" alt=\"\" srcset=\"https:\/\/www.ascfixing.com\/wp-content\/uploads\/2025\/06\/ascelik.0bcf1026171390b72931.jpg 800w, https:\/\/www.ascfixing.com\/wp-content\/uploads\/2025\/06\/ascelik.0bcf1026171390b72931-300x141.jpg 300w, https:\/\/www.ascfixing.com\/wp-content\/uploads\/2025\/06\/ascelik.0bcf1026171390b72931-768x360.jpg 768w\" sizes=\"(max-width: 800px) 100vw, 800px\" \/>\t\t\t\t\t\t\t\t\t\t\t\t\t\t\t<\/div>\n\t\t\t\t<\/div>\n\t\t\t\t\t<\/div>\n\t\t<\/div>\n\t\t\t\t\t<\/div>\n\t\t<\/section>\n\t\t\t\t<section class=\"elementor-section elementor-top-section elementor-element elementor-element-1f122c3 elementor-section-boxed elementor-section-height-default elementor-section-height-default\" data-id=\"1f122c3\" data-element_type=\"section\" data-settings=\"{&quot;background_background&quot;:&quot;classic&quot;}\">\n\t\t\t\t\t\t<div class=\"elementor-container elementor-column-gap-default\">\n\t\t\t\t\t<div class=\"elementor-column elementor-col-100 elementor-top-column elementor-element elementor-element-bc07cf7\" data-id=\"bc07cf7\" data-element_type=\"column\">\n\t\t\t<div class=\"elementor-widget-wrap elementor-element-populated\">\n\t\t\t\t\t\t<div class=\"elementor-element elementor-element-18dedf7 elementor-widget elementor-widget-heading\" data-id=\"18dedf7\" data-element_type=\"widget\" data-widget_type=\"heading.default\">\n\t\t\t\t<div class=\"elementor-widget-container\">\n\t\t\t\t\t<h2 class=\"elementor-heading-title elementor-size-default\">POURQUOI NOUS ?<\/h2>\t\t\t\t<\/div>\n\t\t\t\t<\/div>\n\t\t\t\t<div class=\"elementor-element elementor-element-5fb849f gallery-spacing-custom elementor-widget elementor-widget-image-gallery\" data-id=\"5fb849f\" data-element_type=\"widget\" data-widget_type=\"image-gallery.default\">\n\t\t\t\t<div class=\"elementor-widget-container\">\n\t\t\t\t\t\t\t<div class=\"elementor-image-gallery\">\n\t\t\t<div id='gallery-1' class='gallery galleryid-4549 gallery-columns-5 gallery-size-full'><figure class='gallery-item'>\n\t\t\t<div class='gallery-icon portrait'>\n\t\t\t\t<img decoding=\"async\" width=\"520\" height=\"560\" src=\"https:\/\/www.ascfixing.com\/wp-content\/uploads\/2025\/06\/why-choose-1.54e257ef91083a2cacff.jpg\" class=\"attachment-full size-full\" alt=\"\" aria-describedby=\"gallery-1-495\" srcset=\"https:\/\/www.ascfixing.com\/wp-content\/uploads\/2025\/06\/why-choose-1.54e257ef91083a2cacff.jpg 520w, https:\/\/www.ascfixing.com\/wp-content\/uploads\/2025\/06\/why-choose-1.54e257ef91083a2cacff-279x300.jpg 279w\" sizes=\"(max-width: 520px) 100vw, 520px\" \/>\n\t\t\t<\/div>\n\t\t\t\t<figcaption class='wp-caption-text gallery-caption' id='gallery-1-495'>\n\t\t\t\tNotre soci\u00e9t\u00e9, qui renforce sa puissance avec ses concessionnaires dans 81 provinces de Turquie, prend des mesures fermes pour devenir une marque mondiale avec ses exportations dans plus de 60 pays sur 4 continents.\n\t\t\t\t<\/figcaption><\/figure><figure class='gallery-item'>\n\t\t\t<div class='gallery-icon portrait'>\n\t\t\t\t<img decoding=\"async\" width=\"520\" height=\"560\" src=\"https:\/\/www.ascfixing.com\/wp-content\/uploads\/2025\/06\/why-choose-2.420e65884156f42cbf24.jpg\" class=\"attachment-full size-full\" alt=\"\" aria-describedby=\"gallery-1-496\" srcset=\"https:\/\/www.ascfixing.com\/wp-content\/uploads\/2025\/06\/why-choose-2.420e65884156f42cbf24.jpg 520w, https:\/\/www.ascfixing.com\/wp-content\/uploads\/2025\/06\/why-choose-2.420e65884156f42cbf24-279x300.jpg 279w\" sizes=\"(max-width: 520px) 100vw, 520px\" \/>\n\t\t\t<\/div>\n\t\t\t\t<figcaption class='wp-caption-text gallery-caption' id='gallery-1-496'>\n\t\t\t\tTout ce que vous cherchez est sous la racine de notre usine, qui a la capacit\u00e9 de production la plus \u00e9lev\u00e9e de son secteur en Turquie.\n\t\t\t\t<\/figcaption><\/figure><figure class='gallery-item'>\n\t\t\t<div class='gallery-icon portrait'>\n\t\t\t\t<img loading=\"lazy\" decoding=\"async\" width=\"520\" height=\"560\" src=\"https:\/\/www.ascfixing.com\/wp-content\/uploads\/2025\/06\/why-choose-3.627fee3f863808ae261c.jpg\" class=\"attachment-full size-full\" alt=\"\" aria-describedby=\"gallery-1-497\" srcset=\"https:\/\/www.ascfixing.com\/wp-content\/uploads\/2025\/06\/why-choose-3.627fee3f863808ae261c.jpg 520w, https:\/\/www.ascfixing.com\/wp-content\/uploads\/2025\/06\/why-choose-3.627fee3f863808ae261c-279x300.jpg 279w\" sizes=\"(max-width: 520px) 100vw, 520px\" \/>\n\t\t\t<\/div>\n\t\t\t\t<figcaption class='wp-caption-text gallery-caption' id='gallery-1-497'>\n\t\t\t\tSuivre les d\u00e9lais sans sacrifier la qualit\u00e9.\n\t\t\t\t<\/figcaption><\/figure><figure class='gallery-item'>\n\t\t\t<div class='gallery-icon portrait'>\n\t\t\t\t<img loading=\"lazy\" decoding=\"async\" width=\"520\" height=\"560\" src=\"https:\/\/www.ascfixing.com\/wp-content\/uploads\/2025\/06\/why-choose-4.11de2691c847ef8f73ac.jpg\" class=\"attachment-full size-full\" alt=\"\" aria-describedby=\"gallery-1-498\" srcset=\"https:\/\/www.ascfixing.com\/wp-content\/uploads\/2025\/06\/why-choose-4.11de2691c847ef8f73ac.jpg 520w, https:\/\/www.ascfixing.com\/wp-content\/uploads\/2025\/06\/why-choose-4.11de2691c847ef8f73ac-279x300.jpg 279w\" sizes=\"(max-width: 520px) 100vw, 520px\" \/>\n\t\t\t<\/div>\n\t\t\t\t<figcaption class='wp-caption-text gallery-caption' id='gallery-1-498'>\n\t\t\t\tSuivre les innovations dans l&rsquo;industrie du CVC avec notre solide \u00e9quipe de R&#038;D.\n\t\t\t\t<\/figcaption><\/figure><figure class='gallery-item'>\n\t\t\t<div class='gallery-icon portrait'>\n\t\t\t\t<img loading=\"lazy\" decoding=\"async\" width=\"520\" height=\"560\" src=\"https:\/\/www.ascfixing.com\/wp-content\/uploads\/2025\/06\/why-choose-5.854a7e918c3b3e6a210c.jpg\" class=\"attachment-full size-full\" alt=\"\" aria-describedby=\"gallery-1-494\" srcset=\"https:\/\/www.ascfixing.com\/wp-content\/uploads\/2025\/06\/why-choose-5.854a7e918c3b3e6a210c.jpg 520w, https:\/\/www.ascfixing.com\/wp-content\/uploads\/2025\/06\/why-choose-5.854a7e918c3b3e6a210c-279x300.jpg 279w\" sizes=\"(max-width: 520px) 100vw, 520px\" \/>\n\t\t\t<\/div>\n\t\t\t\t<figcaption class='wp-caption-text gallery-caption' id='gallery-1-494'>\n\t\t\t\tLes processus de R&#038;D, la cha\u00eene de production, les services d&#8217;emballage et de transport sont sous contr\u00f4le constant.\n\t\t\t\t<\/figcaption><\/figure>\n\t\t<\/div>\n\t\t<\/div>\n\t\t\t\t\t\t<\/div>\n\t\t\t\t<\/div>\n\t\t\t\t\t<\/div>\n\t\t<\/div>\n\t\t\t\t\t<\/div>\n\t\t<\/section>\n\t\t\t\t<section class=\"elementor-section elementor-top-section elementor-element elementor-element-961e247 elementor-section-boxed elementor-section-height-default elementor-section-height-default\" data-id=\"961e247\" data-element_type=\"section\" data-settings=\"{&quot;background_background&quot;:&quot;classic&quot;}\">\n\t\t\t\t\t\t<div class=\"elementor-container elementor-column-gap-default\">\n\t\t\t\t\t<div class=\"elementor-column elementor-col-100 elementor-top-column elementor-element elementor-element-2a037a9\" data-id=\"2a037a9\" data-element_type=\"column\">\n\t\t\t<div class=\"elementor-widget-wrap elementor-element-populated\">\n\t\t\t\t\t\t<div class=\"elementor-element elementor-element-5f1d83c gallery-spacing-custom elementor-widget elementor-widget-image-gallery\" data-id=\"5f1d83c\" data-element_type=\"widget\" data-widget_type=\"image-gallery.default\">\n\t\t\t\t<div class=\"elementor-widget-container\">\n\t\t\t\t\t\t\t<div class=\"elementor-image-gallery\">\n\t\t\t<div id='gallery-2' class='gallery galleryid-4549 gallery-columns-4 gallery-size-full'><figure class='gallery-item'>\n\t\t\t<div class='gallery-icon landscape'>\n\t\t\t\t<img loading=\"lazy\" decoding=\"async\" width=\"400\" height=\"300\" src=\"https:\/\/www.ascfixing.com\/wp-content\/uploads\/2025\/06\/manifacture.c807bf0b4097ad6f5a91.png\" class=\"attachment-full size-full\" alt=\"\" aria-describedby=\"gallery-2-502\" srcset=\"https:\/\/www.ascfixing.com\/wp-content\/uploads\/2025\/06\/manifacture.c807bf0b4097ad6f5a91.png 400w, https:\/\/www.ascfixing.com\/wp-content\/uploads\/2025\/06\/manifacture.c807bf0b4097ad6f5a91-300x225.png 300w\" sizes=\"(max-width: 400px) 100vw, 400px\" \/>\n\t\t\t<\/div>\n\t\t\t\t<figcaption class='wp-caption-text gallery-caption' id='gallery-2-502'>\n\t\t\t\t5.000 M2 PRODUCTION FACILITY\n\t\t\t\t<\/figcaption><\/figure><figure class='gallery-item'>\n\t\t\t<div class='gallery-icon landscape'>\n\t\t\t\t<img loading=\"lazy\" decoding=\"async\" width=\"400\" height=\"300\" src=\"https:\/\/www.ascfixing.com\/wp-content\/uploads\/2025\/06\/bubble.caa623199d07c1951e9a.png\" class=\"attachment-full size-full\" alt=\"\" aria-describedby=\"gallery-2-501\" srcset=\"https:\/\/www.ascfixing.com\/wp-content\/uploads\/2025\/06\/bubble.caa623199d07c1951e9a.png 400w, https:\/\/www.ascfixing.com\/wp-content\/uploads\/2025\/06\/bubble.caa623199d07c1951e9a-300x225.png 300w\" sizes=\"(max-width: 400px) 100vw, 400px\" \/>\n\t\t\t<\/div>\n\t\t\t\t<figcaption class='wp-caption-text gallery-caption' id='gallery-2-501'>\n\t\t\t\t5.000.000 PRODUCTION MENSUELLE\n\t\t\t\t<\/figcaption><\/figure><figure class='gallery-item'>\n\t\t\t<div class='gallery-icon landscape'>\n\t\t\t\t<img loading=\"lazy\" decoding=\"async\" width=\"400\" height=\"300\" src=\"https:\/\/www.ascfixing.com\/wp-content\/uploads\/2025\/06\/location.f5727547f8e1a6d713da.png\" class=\"attachment-full size-full\" alt=\"\" aria-describedby=\"gallery-2-500\" srcset=\"https:\/\/www.ascfixing.com\/wp-content\/uploads\/2025\/06\/location.f5727547f8e1a6d713da.png 400w, https:\/\/www.ascfixing.com\/wp-content\/uploads\/2025\/06\/location.f5727547f8e1a6d713da-300x225.png 300w\" sizes=\"(max-width: 400px) 100vw, 400px\" \/>\n\t\t\t<\/div>\n\t\t\t\t<figcaption class='wp-caption-text gallery-caption' id='gallery-2-500'>\n\t\t\t\tEXPORTER VERS 60 PAYS\n\t\t\t\t<\/figcaption><\/figure><figure class='gallery-item'>\n\t\t\t<div class='gallery-icon landscape'>\n\t\t\t\t<img loading=\"lazy\" decoding=\"async\" width=\"400\" height=\"300\" src=\"https:\/\/www.ascfixing.com\/wp-content\/uploads\/2025\/06\/world.05672cbeed057beafaf5.png\" class=\"attachment-full size-full\" alt=\"\" aria-describedby=\"gallery-2-499\" srcset=\"https:\/\/www.ascfixing.com\/wp-content\/uploads\/2025\/06\/world.05672cbeed057beafaf5.png 400w, https:\/\/www.ascfixing.com\/wp-content\/uploads\/2025\/06\/world.05672cbeed057beafaf5-300x225.png 300w\" sizes=\"(max-width: 400px) 100vw, 400px\" \/>\n\t\t\t<\/div>\n\t\t\t\t<figcaption class='wp-caption-text gallery-caption' id='gallery-2-499'>\n\t\t\t\t4 CONTINENTS\n\t\t\t\t<\/figcaption><\/figure>\n\t\t<\/div>\n\t\t<\/div>\n\t\t\t\t\t\t<\/div>\n\t\t\t\t<\/div>\n\t\t\t\t\t<\/div>\n\t\t<\/div>\n\t\t\t\t\t<\/div>\n\t\t<\/section>\n\t\t\t\t<section class=\"elementor-section elementor-top-section elementor-element elementor-element-6beca71 elementor-section-boxed elementor-section-height-default elementor-section-height-default\" data-id=\"6beca71\" data-element_type=\"section\">\n\t\t\t\t\t\t\t<div class=\"elementor-background-overlay\"><\/div>\n\t\t\t\t\t\t\t<div class=\"elementor-container elementor-column-gap-default\">\n\t\t\t\t\t<div class=\"elementor-column elementor-col-100 elementor-top-column elementor-element elementor-element-1f567d9\" data-id=\"1f567d9\" data-element_type=\"column\">\n\t\t\t<div class=\"elementor-widget-wrap elementor-element-populated\">\n\t\t\t\t\t\t<div class=\"elementor-element elementor-element-8d403df elementor-widget elementor-widget-image\" data-id=\"8d403df\" data-element_type=\"widget\" data-widget_type=\"image.default\">\n\t\t\t\t<div class=\"elementor-widget-container\">\n\t\t\t\t\t\t\t\t\t\t\t\t\t\t\t<img loading=\"lazy\" decoding=\"async\" width=\"300\" height=\"105\" src=\"https:\/\/www.ascfixing.com\/wp-content\/uploads\/2025\/07\/ascfixing_beyaz-1-300x105.png\" class=\"attachment-medium size-medium wp-image-5091\" alt=\"\" srcset=\"https:\/\/www.ascfixing.com\/wp-content\/uploads\/2025\/07\/ascfixing_beyaz-1-300x105.png 300w, https:\/\/www.ascfixing.com\/wp-content\/uploads\/2025\/07\/ascfixing_beyaz-1-768x268.png 768w, https:\/\/www.ascfixing.com\/wp-content\/uploads\/2025\/07\/ascfixing_beyaz-1.png 904w\" sizes=\"(max-width: 300px) 100vw, 300px\" \/>\t\t\t\t\t\t\t\t\t\t\t\t\t\t\t<\/div>\n\t\t\t\t<\/div>\n\t\t\t\t<div class=\"elementor-element elementor-element-59358f9 elementor-widget elementor-widget-heading\" data-id=\"59358f9\" data-element_type=\"widget\" data-widget_type=\"heading.default\">\n\t\t\t\t<div class=\"elementor-widget-container\">\n\t\t\t\t\t<h2 class=\"elementor-heading-title elementor-size-default\">QUALIT\u00c9<\/h2>\t\t\t\t<\/div>\n\t\t\t\t<\/div>\n\t\t\t\t<div class=\"elementor-element elementor-element-d7f7e00 elementor-widget elementor-widget-heading\" data-id=\"d7f7e00\" data-element_type=\"widget\" data-widget_type=\"heading.default\">\n\t\t\t\t<div class=\"elementor-widget-container\">\n\t\t\t\t\t<h2 class=\"elementor-heading-title elementor-size-default\">AU C\u0152UR DE NOTRE M\u00c9TIER<\/h2>\t\t\t\t<\/div>\n\t\t\t\t<\/div>\n\t\t\t\t\t<\/div>\n\t\t<\/div>\n\t\t\t\t\t<\/div>\n\t\t<\/section>\n\t\t\t\t<\/div>\n\t\t","protected":false},"excerpt":{"rendered":"<p>HAKKIMIZDA ASC FIXING est une marque recherch\u00e9e dans l&rsquo;industrie de la plomberie et de la climatisation, reconnue pour sa qualit\u00e9 et la satisfaction de ses clients. Colliers de serrage, profil\u00e9s et divers produits de raccords offrent les meilleures solutions. POURQUOI NOUS ? T\u00fcrkiye&#8217;nin 81 ilindeki bayileri ile g\u00fcc\u00fcne g\u00fc\u00e7 katan firmam\u0131z, 4 k\u0131ta, 60&#8217;tan fazla [&hellip;]<\/p>\n","protected":false},"author":1,"featured_media":0,"parent":0,"menu_order":0,"comment_status":"closed","ping_status":"closed","template":"elementor_header_footer","meta":{"footnotes":""},"class_list":["post-4549","page","type-page","status-publish","hentry"],"acf":[],"yoast_head":"<!-- This site is optimized with the Yoast SEO plugin v26.8 - https:\/\/yoast.com\/product\/yoast-seo-wordpress\/ -->\n<title>\u00c0 PROPOS DE NOUS - Asc Fixing<\/title>\n<meta name=\"robots\" content=\"index, follow, max-snippet:-1, max-image-preview:large, max-video-preview:-1\" \/>\n<link rel=\"canonical\" href=\"https:\/\/www.ascfixing.com\/hakkimizda\/\" \/>\n<meta property=\"og:locale\" content=\"fr_FR\" \/>\n<meta property=\"og:type\" content=\"article\" \/>\n<meta property=\"og:title\" content=\"\u00c0 PROPOS DE NOUS - Asc Fixing\" \/>\n<meta property=\"og:description\" content=\"HAKKIMIZDA ASC FIXING est une marque recherch\u00e9e dans l&rsquo;industrie de la plomberie et de la climatisation, reconnue pour sa qualit\u00e9 et la satisfaction de ses clients. Colliers de serrage, profil\u00e9s et divers produits de raccords offrent les meilleures solutions. POURQUOI NOUS ? T\u00fcrkiye&#8217;nin 81 ilindeki bayileri ile g\u00fcc\u00fcne g\u00fc\u00e7 katan firmam\u0131z, 4 k\u0131ta, 60&#8217;tan fazla [&hellip;]\" \/>\n<meta property=\"og:url\" content=\"https:\/\/www.ascfixing.com\/hakkimizda\/\" \/>\n<meta property=\"og:site_name\" content=\"Asc Fixing\" \/>\n<meta property=\"article:modified_time\" content=\"2026-01-28T11:12:19+00:00\" \/>\n<meta property=\"og:image\" content=\"https:\/\/www.ascfixing.com\/wp-content\/uploads\/2025\/06\/ascelik.0bcf1026171390b72931.jpg\" \/>\n\t<meta property=\"og:image:width\" content=\"800\" \/>\n\t<meta property=\"og:image:height\" content=\"375\" \/>\n\t<meta property=\"og:image:type\" content=\"image\/jpeg\" \/>\n<meta name=\"twitter:card\" content=\"summary_large_image\" \/>\n<meta name=\"twitter:label1\" content=\"Dur\u00e9e de lecture estim\u00e9e\" \/>\n\t<meta name=\"twitter:data1\" content=\"1 minute\" \/>\n<script type=\"application\/ld+json\" class=\"yoast-schema-graph\">{\"@context\":\"https:\/\/schema.org\",\"@graph\":[{\"@type\":\"WebPage\",\"@id\":\"https:\/\/www.ascfixing.com\/hakkimizda\/\",\"url\":\"https:\/\/www.ascfixing.com\/hakkimizda\/\",\"name\":\"\u00c0 PROPOS DE NOUS - Asc Fixing\",\"isPartOf\":{\"@id\":\"https:\/\/www.ascfixing.com\/it\/#website\"},\"primaryImageOfPage\":{\"@id\":\"https:\/\/www.ascfixing.com\/hakkimizda\/#primaryimage\"},\"image\":{\"@id\":\"https:\/\/www.ascfixing.com\/hakkimizda\/#primaryimage\"},\"thumbnailUrl\":\"https:\/\/www.ascfixing.com\/wp-content\/uploads\/2025\/06\/ascelik.0bcf1026171390b72931.jpg\",\"datePublished\":\"2025-05-30T19:52:27+00:00\",\"dateModified\":\"2026-01-28T11:12:19+00:00\",\"breadcrumb\":{\"@id\":\"https:\/\/www.ascfixing.com\/hakkimizda\/#breadcrumb\"},\"inLanguage\":\"fr-FR\",\"potentialAction\":[{\"@type\":\"ReadAction\",\"target\":[\"https:\/\/www.ascfixing.com\/hakkimizda\/\"]}]},{\"@type\":\"ImageObject\",\"inLanguage\":\"fr-FR\",\"@id\":\"https:\/\/www.ascfixing.com\/hakkimizda\/#primaryimage\",\"url\":\"https:\/\/www.ascfixing.com\/wp-content\/uploads\/2025\/06\/ascelik.0bcf1026171390b72931.jpg\",\"contentUrl\":\"https:\/\/www.ascfixing.com\/wp-content\/uploads\/2025\/06\/ascelik.0bcf1026171390b72931.jpg\"},{\"@type\":\"BreadcrumbList\",\"@id\":\"https:\/\/www.ascfixing.com\/hakkimizda\/#breadcrumb\",\"itemListElement\":[{\"@type\":\"ListItem\",\"position\":1,\"name\":\"Anasayfa\",\"item\":\"https:\/\/www.ascfixing.com\/fr\/\"},{\"@type\":\"ListItem\",\"position\":2,\"name\":\"\u00c0 PROPOS DE NOUS\"}]},{\"@type\":\"WebSite\",\"@id\":\"https:\/\/www.ascfixing.com\/it\/#website\",\"url\":\"https:\/\/www.ascfixing.com\/it\/\",\"name\":\"Asc Fixing\",\"description\":\"\",\"publisher\":{\"@id\":\"https:\/\/www.ascfixing.com\/it\/#organization\"},\"potentialAction\":[{\"@type\":\"SearchAction\",\"target\":{\"@type\":\"EntryPoint\",\"urlTemplate\":\"https:\/\/www.ascfixing.com\/it\/?s={search_term_string}\"},\"query-input\":{\"@type\":\"PropertyValueSpecification\",\"valueRequired\":true,\"valueName\":\"search_term_string\"}}],\"inLanguage\":\"fr-FR\"},{\"@type\":\"Organization\",\"@id\":\"https:\/\/www.ascfixing.com\/it\/#organization\",\"name\":\"Asc Fixing\",\"url\":\"https:\/\/www.ascfixing.com\/it\/\",\"logo\":{\"@type\":\"ImageObject\",\"inLanguage\":\"fr-FR\",\"@id\":\"https:\/\/www.ascfixing.com\/it\/#\/schema\/logo\/image\/\",\"url\":\"https:\/\/www.ascfixing.com\/wp-content\/uploads\/2025\/05\/asc-fixing-budanmis.png\",\"contentUrl\":\"https:\/\/www.ascfixing.com\/wp-content\/uploads\/2025\/05\/asc-fixing-budanmis.png\",\"width\":1666,\"height\":606,\"caption\":\"Asc Fixing\"},\"image\":{\"@id\":\"https:\/\/www.ascfixing.com\/it\/#\/schema\/logo\/image\/\"}}]}<\/script>\n<!-- \/ Yoast SEO plugin. -->","yoast_head_json":{"title":"\u00c0 PROPOS DE NOUS - Asc Fixing","robots":{"index":"index","follow":"follow","max-snippet":"max-snippet:-1","max-image-preview":"max-image-preview:large","max-video-preview":"max-video-preview:-1"},"canonical":"https:\/\/www.ascfixing.com\/hakkimizda\/","og_locale":"fr_FR","og_type":"article","og_title":"\u00c0 PROPOS DE NOUS - Asc Fixing","og_description":"HAKKIMIZDA ASC FIXING est une marque recherch\u00e9e dans l&rsquo;industrie de la plomberie et de la climatisation, reconnue pour sa qualit\u00e9 et la satisfaction de ses clients. Colliers de serrage, profil\u00e9s et divers produits de raccords offrent les meilleures solutions. POURQUOI NOUS ? T\u00fcrkiye&#8217;nin 81 ilindeki bayileri ile g\u00fcc\u00fcne g\u00fc\u00e7 katan firmam\u0131z, 4 k\u0131ta, 60&#8217;tan fazla [&hellip;]","og_url":"https:\/\/www.ascfixing.com\/hakkimizda\/","og_site_name":"Asc Fixing","article_modified_time":"2026-01-28T11:12:19+00:00","og_image":[{"width":800,"height":375,"url":"https:\/\/www.ascfixing.com\/wp-content\/uploads\/2025\/06\/ascelik.0bcf1026171390b72931.jpg","type":"image\/jpeg"}],"twitter_card":"summary_large_image","twitter_misc":{"Dur\u00e9e de lecture estim\u00e9e":"1 minute"},"schema":{"@context":"https:\/\/schema.org","@graph":[{"@type":"WebPage","@id":"https:\/\/www.ascfixing.com\/hakkimizda\/","url":"https:\/\/www.ascfixing.com\/hakkimizda\/","name":"\u00c0 PROPOS DE NOUS - Asc Fixing","isPartOf":{"@id":"https:\/\/www.ascfixing.com\/it\/#website"},"primaryImageOfPage":{"@id":"https:\/\/www.ascfixing.com\/hakkimizda\/#primaryimage"},"image":{"@id":"https:\/\/www.ascfixing.com\/hakkimizda\/#primaryimage"},"thumbnailUrl":"https:\/\/www.ascfixing.com\/wp-content\/uploads\/2025\/06\/ascelik.0bcf1026171390b72931.jpg","datePublished":"2025-05-30T19:52:27+00:00","dateModified":"2026-01-28T11:12:19+00:00","breadcrumb":{"@id":"https:\/\/www.ascfixing.com\/hakkimizda\/#breadcrumb"},"inLanguage":"fr-FR","potentialAction":[{"@type":"ReadAction","target":["https:\/\/www.ascfixing.com\/hakkimizda\/"]}]},{"@type":"ImageObject","inLanguage":"fr-FR","@id":"https:\/\/www.ascfixing.com\/hakkimizda\/#primaryimage","url":"https:\/\/www.ascfixing.com\/wp-content\/uploads\/2025\/06\/ascelik.0bcf1026171390b72931.jpg","contentUrl":"https:\/\/www.ascfixing.com\/wp-content\/uploads\/2025\/06\/ascelik.0bcf1026171390b72931.jpg"},{"@type":"BreadcrumbList","@id":"https:\/\/www.ascfixing.com\/hakkimizda\/#breadcrumb","itemListElement":[{"@type":"ListItem","position":1,"name":"Anasayfa","item":"https:\/\/www.ascfixing.com\/fr\/"},{"@type":"ListItem","position":2,"name":"\u00c0 PROPOS DE NOUS"}]},{"@type":"WebSite","@id":"https:\/\/www.ascfixing.com\/it\/#website","url":"https:\/\/www.ascfixing.com\/it\/","name":"Asc Fixing","description":"","publisher":{"@id":"https:\/\/www.ascfixing.com\/it\/#organization"},"potentialAction":[{"@type":"SearchAction","target":{"@type":"EntryPoint","urlTemplate":"https:\/\/www.ascfixing.com\/it\/?s={search_term_string}"},"query-input":{"@type":"PropertyValueSpecification","valueRequired":true,"valueName":"search_term_string"}}],"inLanguage":"fr-FR"},{"@type":"Organization","@id":"https:\/\/www.ascfixing.com\/it\/#organization","name":"Asc Fixing","url":"https:\/\/www.ascfixing.com\/it\/","logo":{"@type":"ImageObject","inLanguage":"fr-FR","@id":"https:\/\/www.ascfixing.com\/it\/#\/schema\/logo\/image\/","url":"https:\/\/www.ascfixing.com\/wp-content\/uploads\/2025\/05\/asc-fixing-budanmis.png","contentUrl":"https:\/\/www.ascfixing.com\/wp-content\/uploads\/2025\/05\/asc-fixing-budanmis.png","width":1666,"height":606,"caption":"Asc Fixing"},"image":{"@id":"https:\/\/www.ascfixing.com\/it\/#\/schema\/logo\/image\/"}}]}},"_links":{"self":[{"href":"https:\/\/www.ascfixing.com\/fr\/wp-json\/wp\/v2\/pages\/4549","targetHints":{"allow":["GET"]}}],"collection":[{"href":"https:\/\/www.ascfixing.com\/fr\/wp-json\/wp\/v2\/pages"}],"about":[{"href":"https:\/\/www.ascfixing.com\/fr\/wp-json\/wp\/v2\/types\/page"}],"author":[{"embeddable":true,"href":"https:\/\/www.ascfixing.com\/fr\/wp-json\/wp\/v2\/users\/1"}],"replies":[{"embeddable":true,"href":"https:\/\/www.ascfixing.com\/fr\/wp-json\/wp\/v2\/comments?post=4549"}],"version-history":[{"count":4,"href":"https:\/\/www.ascfixing.com\/fr\/wp-json\/wp\/v2\/pages\/4549\/revisions"}],"predecessor-version":[{"id":5551,"href":"https:\/\/www.ascfixing.com\/fr\/wp-json\/wp\/v2\/pages\/4549\/revisions\/5551"}],"wp:attachment":[{"href":"https:\/\/www.ascfixing.com\/fr\/wp-json\/wp\/v2\/media?parent=4549"}],"curies":[{"name":"wp","href":"https:\/\/api.w.org\/{rel}","templated":true}]}}