{"id":4565,"date":"2025-05-30T22:52:27","date_gmt":"2025-05-30T19:52:27","guid":{"rendered":"https:\/\/ascfixing.com\/acerca-de-nosotros\/"},"modified":"2026-01-28T14:14:36","modified_gmt":"2026-01-28T11:14:36","slug":"acerca-de-nosotros","status":"publish","type":"page","link":"https:\/\/www.ascfixing.com\/es\/acerca-de-nosotros\/","title":{"rendered":"ACERCA DE NOSOTROS"},"content":{"rendered":"\t\t<div data-elementor-type=\"wp-page\" data-elementor-id=\"4565\" class=\"elementor elementor-4565 elementor-19\" data-elementor-post-type=\"page\">\n\t\t\t\t\t\t<section class=\"elementor-section elementor-top-section elementor-element elementor-element-14bd8eb elementor-section-boxed elementor-section-height-default elementor-section-height-default\" data-id=\"14bd8eb\" data-element_type=\"section\">\n\t\t\t\t\t\t<div class=\"elementor-container elementor-column-gap-default\">\n\t\t\t\t\t<div class=\"elementor-column elementor-col-50 elementor-top-column elementor-element elementor-element-59ac254\" data-id=\"59ac254\" data-element_type=\"column\">\n\t\t\t<div class=\"elementor-widget-wrap elementor-element-populated\">\n\t\t\t\t\t\t<div class=\"elementor-element elementor-element-2d8937a elementor-widget elementor-widget-heading\" data-id=\"2d8937a\" data-element_type=\"widget\" data-widget_type=\"heading.default\">\n\t\t\t\t<div class=\"elementor-widget-container\">\n\t\t\t\t\t<h2 class=\"elementor-heading-title elementor-size-default\">ACERCA DE NOSOTROS<\/h2>\t\t\t\t<\/div>\n\t\t\t\t<\/div>\n\t\t\t\t<div class=\"elementor-element elementor-element-1a1123f elementor-widget elementor-widget-text-editor\" data-id=\"1a1123f\" data-element_type=\"widget\" data-widget_type=\"text-editor.default\">\n\t\t\t\t<div class=\"elementor-widget-container\">\n\t\t\t\t\t\t\t\t\t<p>&nbsp;<\/p>\n<p>&nbsp;<\/p>\n<p>ASC FIXING \u00e8 un marchio ricercato nel settore dell&#8217;idraulica e della climatizzazione, noto per la sua qualit\u00e0 e la soddisfazione del cliente. Fascette per tubi, profili e vari prodotti di raccorderia offrono le migliori soluzioni.<\/p>\n\t\t\t\t\t\t\t\t<\/div>\n\t\t\t\t<\/div>\n\t\t\t\t\t<\/div>\n\t\t<\/div>\n\t\t\t\t<div class=\"elementor-column elementor-col-50 elementor-top-column elementor-element elementor-element-8f442b0\" data-id=\"8f442b0\" data-element_type=\"column\">\n\t\t\t<div class=\"elementor-widget-wrap elementor-element-populated\">\n\t\t\t\t\t\t<div class=\"elementor-element elementor-element-dc33d17 elementor-widget elementor-widget-image\" data-id=\"dc33d17\" data-element_type=\"widget\" data-widget_type=\"image.default\">\n\t\t\t\t<div class=\"elementor-widget-container\">\n\t\t\t\t\t\t\t\t\t\t\t\t\t\t\t<img fetchpriority=\"high\" decoding=\"async\" width=\"800\" height=\"375\" src=\"https:\/\/www.ascfixing.com\/wp-content\/uploads\/2025\/06\/ascelik.0bcf1026171390b72931.jpg\" class=\"attachment-large size-large wp-image-4551\" alt=\"\" srcset=\"https:\/\/www.ascfixing.com\/wp-content\/uploads\/2025\/06\/ascelik.0bcf1026171390b72931.jpg 800w, https:\/\/www.ascfixing.com\/wp-content\/uploads\/2025\/06\/ascelik.0bcf1026171390b72931-300x141.jpg 300w, https:\/\/www.ascfixing.com\/wp-content\/uploads\/2025\/06\/ascelik.0bcf1026171390b72931-768x360.jpg 768w\" sizes=\"(max-width: 800px) 100vw, 800px\" \/>\t\t\t\t\t\t\t\t\t\t\t\t\t\t\t<\/div>\n\t\t\t\t<\/div>\n\t\t\t\t\t<\/div>\n\t\t<\/div>\n\t\t\t\t\t<\/div>\n\t\t<\/section>\n\t\t\t\t<section class=\"elementor-section elementor-top-section elementor-element elementor-element-1f122c3 elementor-section-boxed elementor-section-height-default elementor-section-height-default\" data-id=\"1f122c3\" data-element_type=\"section\" data-settings=\"{&quot;background_background&quot;:&quot;classic&quot;}\">\n\t\t\t\t\t\t<div class=\"elementor-container elementor-column-gap-default\">\n\t\t\t\t\t<div class=\"elementor-column elementor-col-100 elementor-top-column elementor-element elementor-element-bc07cf7\" data-id=\"bc07cf7\" data-element_type=\"column\">\n\t\t\t<div class=\"elementor-widget-wrap elementor-element-populated\">\n\t\t\t\t\t\t<div class=\"elementor-element elementor-element-18dedf7 elementor-widget elementor-widget-heading\" data-id=\"18dedf7\" data-element_type=\"widget\" data-widget_type=\"heading.default\">\n\t\t\t\t<div class=\"elementor-widget-container\">\n\t\t\t\t\t<h2 class=\"elementor-heading-title elementor-size-default\">PERCH\u00c9 NOI?<\/h2>\t\t\t\t<\/div>\n\t\t\t\t<\/div>\n\t\t\t\t<div class=\"elementor-element elementor-element-5fb849f gallery-spacing-custom elementor-widget elementor-widget-image-gallery\" data-id=\"5fb849f\" data-element_type=\"widget\" data-widget_type=\"image-gallery.default\">\n\t\t\t\t<div class=\"elementor-widget-container\">\n\t\t\t\t\t\t\t<div class=\"elementor-image-gallery\">\n\t\t\t<div id='gallery-1' class='gallery galleryid-4565 gallery-columns-5 gallery-size-full'><figure class='gallery-item'>\n\t\t\t<div class='gallery-icon portrait'>\n\t\t\t\t<img decoding=\"async\" width=\"520\" height=\"560\" src=\"https:\/\/www.ascfixing.com\/wp-content\/uploads\/2025\/06\/why-choose-1.54e257ef91083a2cacff.jpg\" class=\"attachment-full size-full\" alt=\"\" aria-describedby=\"gallery-1-4258\" srcset=\"https:\/\/www.ascfixing.com\/wp-content\/uploads\/2025\/06\/why-choose-1.54e257ef91083a2cacff.jpg 520w, https:\/\/www.ascfixing.com\/wp-content\/uploads\/2025\/06\/why-choose-1.54e257ef91083a2cacff-279x300.jpg 279w\" sizes=\"(max-width: 520px) 100vw, 520px\" \/>\n\t\t\t<\/div>\n\t\t\t\t<figcaption class='wp-caption-text gallery-caption' id='gallery-1-4258'>\n\t\t\t\tLa nostra azienda, che rafforza la sua forza con i suoi rivenditori in 81 province della Turchia, sta compiendo passi decisi per diventare un marchio mondiale con le sue esportazioni in oltre 60 paesi in 4 continenti.\n\t\t\t\t<\/figcaption><\/figure><figure class='gallery-item'>\n\t\t\t<div class='gallery-icon portrait'>\n\t\t\t\t<img decoding=\"async\" width=\"520\" height=\"560\" src=\"https:\/\/www.ascfixing.com\/wp-content\/uploads\/2025\/06\/why-choose-2.420e65884156f42cbf24.jpg\" class=\"attachment-full size-full\" alt=\"\" aria-describedby=\"gallery-1-4261\" srcset=\"https:\/\/www.ascfixing.com\/wp-content\/uploads\/2025\/06\/why-choose-2.420e65884156f42cbf24.jpg 520w, https:\/\/www.ascfixing.com\/wp-content\/uploads\/2025\/06\/why-choose-2.420e65884156f42cbf24-279x300.jpg 279w\" sizes=\"(max-width: 520px) 100vw, 520px\" \/>\n\t\t\t<\/div>\n\t\t\t\t<figcaption class='wp-caption-text gallery-caption' id='gallery-1-4261'>\n\t\t\t\tTutto ci\u00f2 che stai cercando \u00e8 sotto la radice della nostra fabbrica, che ha la pi\u00f9 alta capacit\u00e0 produttiva nel suo settore in Turchia.\n\t\t\t\t<\/figcaption><\/figure><figure class='gallery-item'>\n\t\t\t<div class='gallery-icon portrait'>\n\t\t\t\t<img loading=\"lazy\" decoding=\"async\" width=\"520\" height=\"560\" src=\"https:\/\/www.ascfixing.com\/wp-content\/uploads\/2025\/06\/why-choose-3.627fee3f863808ae261c.jpg\" class=\"attachment-full size-full\" alt=\"\" aria-describedby=\"gallery-1-4264\" srcset=\"https:\/\/www.ascfixing.com\/wp-content\/uploads\/2025\/06\/why-choose-3.627fee3f863808ae261c.jpg 520w, https:\/\/www.ascfixing.com\/wp-content\/uploads\/2025\/06\/why-choose-3.627fee3f863808ae261c-279x300.jpg 279w\" sizes=\"(max-width: 520px) 100vw, 520px\" \/>\n\t\t\t<\/div>\n\t\t\t\t<figcaption class='wp-caption-text gallery-caption' id='gallery-1-4264'>\n\t\t\t\tSeguire le tempistiche senza sacrificare la qualit\u00e0.\n\t\t\t\t<\/figcaption><\/figure><figure class='gallery-item'>\n\t\t\t<div class='gallery-icon portrait'>\n\t\t\t\t<img loading=\"lazy\" decoding=\"async\" width=\"520\" height=\"560\" src=\"https:\/\/www.ascfixing.com\/wp-content\/uploads\/2025\/06\/why-choose-4.11de2691c847ef8f73ac.jpg\" class=\"attachment-full size-full\" alt=\"\" aria-describedby=\"gallery-1-4267\" srcset=\"https:\/\/www.ascfixing.com\/wp-content\/uploads\/2025\/06\/why-choose-4.11de2691c847ef8f73ac.jpg 520w, https:\/\/www.ascfixing.com\/wp-content\/uploads\/2025\/06\/why-choose-4.11de2691c847ef8f73ac-279x300.jpg 279w\" sizes=\"(max-width: 520px) 100vw, 520px\" \/>\n\t\t\t<\/div>\n\t\t\t\t<figcaption class='wp-caption-text gallery-caption' id='gallery-1-4267'>\n\t\t\t\tSeguendo le innovazioni nel settore HVAC con il nostro forte team di ricerca e sviluppo.\n\t\t\t\t<\/figcaption><\/figure><figure class='gallery-item'>\n\t\t\t<div class='gallery-icon portrait'>\n\t\t\t\t<img loading=\"lazy\" decoding=\"async\" width=\"520\" height=\"560\" src=\"https:\/\/www.ascfixing.com\/wp-content\/uploads\/2025\/06\/why-choose-5.854a7e918c3b3e6a210c.jpg\" class=\"attachment-full size-full\" alt=\"\" aria-describedby=\"gallery-1-4255\" srcset=\"https:\/\/www.ascfixing.com\/wp-content\/uploads\/2025\/06\/why-choose-5.854a7e918c3b3e6a210c.jpg 520w, https:\/\/www.ascfixing.com\/wp-content\/uploads\/2025\/06\/why-choose-5.854a7e918c3b3e6a210c-279x300.jpg 279w\" sizes=\"(max-width: 520px) 100vw, 520px\" \/>\n\t\t\t<\/div>\n\t\t\t\t<figcaption class='wp-caption-text gallery-caption' id='gallery-1-4255'>\n\t\t\t\tI processi di ricerca e sviluppo, la linea di produzione, i servizi di imballaggio e trasporto sono sotto costante controllo.\n\t\t\t\t<\/figcaption><\/figure>\n\t\t<\/div>\n\t\t<\/div>\n\t\t\t\t\t\t<\/div>\n\t\t\t\t<\/div>\n\t\t\t\t\t<\/div>\n\t\t<\/div>\n\t\t\t\t\t<\/div>\n\t\t<\/section>\n\t\t\t\t<section class=\"elementor-section elementor-top-section elementor-element elementor-element-961e247 elementor-section-boxed elementor-section-height-default elementor-section-height-default\" data-id=\"961e247\" data-element_type=\"section\" data-settings=\"{&quot;background_background&quot;:&quot;classic&quot;}\">\n\t\t\t\t\t\t<div class=\"elementor-container elementor-column-gap-default\">\n\t\t\t\t\t<div class=\"elementor-column elementor-col-100 elementor-top-column elementor-element elementor-element-2a037a9\" data-id=\"2a037a9\" data-element_type=\"column\">\n\t\t\t<div class=\"elementor-widget-wrap elementor-element-populated\">\n\t\t\t\t\t\t<div class=\"elementor-element elementor-element-5f1d83c gallery-spacing-custom elementor-widget elementor-widget-image-gallery\" data-id=\"5f1d83c\" data-element_type=\"widget\" data-widget_type=\"image-gallery.default\">\n\t\t\t\t<div class=\"elementor-widget-container\">\n\t\t\t\t\t\t\t<div class=\"elementor-image-gallery\">\n\t\t\t<div id='gallery-2' class='gallery galleryid-4565 gallery-columns-4 gallery-size-full'><figure class='gallery-item'>\n\t\t\t<div class='gallery-icon landscape'>\n\t\t\t\t<img loading=\"lazy\" decoding=\"async\" width=\"400\" height=\"300\" src=\"https:\/\/www.ascfixing.com\/wp-content\/uploads\/2025\/06\/manifacture.c807bf0b4097ad6f5a91.png\" class=\"attachment-full size-full\" alt=\"\" aria-describedby=\"gallery-2-4279\" srcset=\"https:\/\/www.ascfixing.com\/wp-content\/uploads\/2025\/06\/manifacture.c807bf0b4097ad6f5a91.png 400w, https:\/\/www.ascfixing.com\/wp-content\/uploads\/2025\/06\/manifacture.c807bf0b4097ad6f5a91-300x225.png 300w\" sizes=\"(max-width: 400px) 100vw, 400px\" \/>\n\t\t\t<\/div>\n\t\t\t\t<figcaption class='wp-caption-text gallery-caption' id='gallery-2-4279'>\n\t\t\t\tSTABILIMENTO PRODUTTIVO DA 5.000 MQ\n\t\t\t\t<\/figcaption><\/figure><figure class='gallery-item'>\n\t\t\t<div class='gallery-icon landscape'>\n\t\t\t\t<img loading=\"lazy\" decoding=\"async\" width=\"400\" height=\"300\" src=\"https:\/\/www.ascfixing.com\/wp-content\/uploads\/2025\/06\/bubble.caa623199d07c1951e9a.png\" class=\"attachment-full size-full\" alt=\"\" aria-describedby=\"gallery-2-4276\" srcset=\"https:\/\/www.ascfixing.com\/wp-content\/uploads\/2025\/06\/bubble.caa623199d07c1951e9a.png 400w, https:\/\/www.ascfixing.com\/wp-content\/uploads\/2025\/06\/bubble.caa623199d07c1951e9a-300x225.png 300w\" sizes=\"(max-width: 400px) 100vw, 400px\" \/>\n\t\t\t<\/div>\n\t\t\t\t<figcaption class='wp-caption-text gallery-caption' id='gallery-2-4276'>\n\t\t\t\t5.000.000 PRODUZIONE MENSILE\n\t\t\t\t<\/figcaption><\/figure><figure class='gallery-item'>\n\t\t\t<div class='gallery-icon landscape'>\n\t\t\t\t<img loading=\"lazy\" decoding=\"async\" width=\"400\" height=\"300\" src=\"https:\/\/www.ascfixing.com\/wp-content\/uploads\/2025\/06\/location.f5727547f8e1a6d713da.png\" class=\"attachment-full size-full\" alt=\"\" aria-describedby=\"gallery-2-4273\" srcset=\"https:\/\/www.ascfixing.com\/wp-content\/uploads\/2025\/06\/location.f5727547f8e1a6d713da.png 400w, https:\/\/www.ascfixing.com\/wp-content\/uploads\/2025\/06\/location.f5727547f8e1a6d713da-300x225.png 300w\" sizes=\"(max-width: 400px) 100vw, 400px\" \/>\n\t\t\t<\/div>\n\t\t\t\t<figcaption class='wp-caption-text gallery-caption' id='gallery-2-4273'>\n\t\t\t\tESPORTAZIONE IN 60 PAESI\n\t\t\t\t<\/figcaption><\/figure><figure class='gallery-item'>\n\t\t\t<div class='gallery-icon landscape'>\n\t\t\t\t<img loading=\"lazy\" decoding=\"async\" width=\"400\" height=\"300\" src=\"https:\/\/www.ascfixing.com\/wp-content\/uploads\/2025\/06\/world.05672cbeed057beafaf5.png\" class=\"attachment-full size-full\" alt=\"\" aria-describedby=\"gallery-2-4270\" srcset=\"https:\/\/www.ascfixing.com\/wp-content\/uploads\/2025\/06\/world.05672cbeed057beafaf5.png 400w, https:\/\/www.ascfixing.com\/wp-content\/uploads\/2025\/06\/world.05672cbeed057beafaf5-300x225.png 300w\" sizes=\"(max-width: 400px) 100vw, 400px\" \/>\n\t\t\t<\/div>\n\t\t\t\t<figcaption class='wp-caption-text gallery-caption' id='gallery-2-4270'>\n\t\t\t\t4 CONTINENTES\n\t\t\t\t<\/figcaption><\/figure>\n\t\t<\/div>\n\t\t<\/div>\n\t\t\t\t\t\t<\/div>\n\t\t\t\t<\/div>\n\t\t\t\t\t<\/div>\n\t\t<\/div>\n\t\t\t\t\t<\/div>\n\t\t<\/section>\n\t\t\t\t<section class=\"elementor-section elementor-top-section elementor-element elementor-element-6beca71 elementor-section-boxed elementor-section-height-default elementor-section-height-default\" data-id=\"6beca71\" data-element_type=\"section\">\n\t\t\t\t\t\t\t<div class=\"elementor-background-overlay\"><\/div>\n\t\t\t\t\t\t\t<div class=\"elementor-container elementor-column-gap-default\">\n\t\t\t\t\t<div class=\"elementor-column elementor-col-100 elementor-top-column elementor-element elementor-element-1f567d9\" data-id=\"1f567d9\" data-element_type=\"column\">\n\t\t\t<div class=\"elementor-widget-wrap elementor-element-populated\">\n\t\t\t\t\t\t<div class=\"elementor-element elementor-element-8d403df elementor-widget elementor-widget-image\" data-id=\"8d403df\" data-element_type=\"widget\" data-widget_type=\"image.default\">\n\t\t\t\t<div class=\"elementor-widget-container\">\n\t\t\t\t\t\t\t\t\t\t\t\t\t\t\t<img loading=\"lazy\" decoding=\"async\" width=\"300\" height=\"105\" src=\"https:\/\/www.ascfixing.com\/wp-content\/uploads\/2025\/07\/ascfixing_beyaz-1-300x105.png\" class=\"attachment-medium size-medium wp-image-5093\" alt=\"\" srcset=\"https:\/\/www.ascfixing.com\/wp-content\/uploads\/2025\/07\/ascfixing_beyaz-1-300x105.png 300w, https:\/\/www.ascfixing.com\/wp-content\/uploads\/2025\/07\/ascfixing_beyaz-1-768x268.png 768w, https:\/\/www.ascfixing.com\/wp-content\/uploads\/2025\/07\/ascfixing_beyaz-1.png 904w\" sizes=\"(max-width: 300px) 100vw, 300px\" \/>\t\t\t\t\t\t\t\t\t\t\t\t\t\t\t<\/div>\n\t\t\t\t<\/div>\n\t\t\t\t<div class=\"elementor-element elementor-element-59358f9 elementor-widget elementor-widget-heading\" data-id=\"59358f9\" data-element_type=\"widget\" data-widget_type=\"heading.default\">\n\t\t\t\t<div class=\"elementor-widget-container\">\n\t\t\t\t\t<h2 class=\"elementor-heading-title elementor-size-default\">QUALIT\u00c0<\/h2>\t\t\t\t<\/div>\n\t\t\t\t<\/div>\n\t\t\t\t<div class=\"elementor-element elementor-element-d7f7e00 elementor-widget elementor-widget-heading\" data-id=\"d7f7e00\" data-element_type=\"widget\" data-widget_type=\"heading.default\">\n\t\t\t\t<div class=\"elementor-widget-container\">\n\t\t\t\t\t<h2 class=\"elementor-heading-title elementor-size-default\">AL CUORE DELLA NOSTRA ATTIVIT\u00c0<\/h2>\t\t\t\t<\/div>\n\t\t\t\t<\/div>\n\t\t\t\t\t<\/div>\n\t\t<\/div>\n\t\t\t\t\t<\/div>\n\t\t<\/section>\n\t\t\t\t<\/div>\n\t\t","protected":false},"excerpt":{"rendered":"<p>ACERCA DE NOSOTROS &nbsp; &nbsp; ASC FIXING \u00e8 un marchio ricercato nel settore dell&#8217;idraulica e della climatizzazione, noto per la sua qualit\u00e0 e la soddisfazione del cliente. Fascette per tubi, profili e vari prodotti di raccorderia offrono le migliori soluzioni. PERCH\u00c9 NOI? T\u00fcrkiye&#8217;nin 81 ilindeki bayileri ile g\u00fcc\u00fcne g\u00fc\u00e7 katan firmam\u0131z, 4 k\u0131ta, 60&#8217;tan fazla [&hellip;]<\/p>\n","protected":false},"author":1,"featured_media":0,"parent":0,"menu_order":0,"comment_status":"closed","ping_status":"closed","template":"elementor_header_footer","meta":{"footnotes":""},"class_list":["post-4565","page","type-page","status-publish","hentry"],"acf":[],"yoast_head":"<!-- This site is optimized with the Yoast SEO plugin v26.8 - https:\/\/yoast.com\/product\/yoast-seo-wordpress\/ -->\n<title>ACERCA DE NOSOTROS - Asc Fixing<\/title>\n<meta name=\"robots\" content=\"index, follow, max-snippet:-1, max-image-preview:large, max-video-preview:-1\" \/>\n<link rel=\"canonical\" href=\"https:\/\/www.ascfixing.com\/hakkimizda\/\" \/>\n<meta property=\"og:locale\" content=\"es_ES\" \/>\n<meta property=\"og:type\" content=\"article\" \/>\n<meta property=\"og:title\" content=\"ACERCA DE NOSOTROS - Asc Fixing\" \/>\n<meta property=\"og:description\" content=\"ACERCA DE NOSOTROS &nbsp; &nbsp; ASC FIXING \u00e8 un marchio ricercato nel settore dell&#8217;idraulica e della climatizzazione, noto per la sua qualit\u00e0 e la soddisfazione del cliente. Fascette per tubi, profili e vari prodotti di raccorderia offrono le migliori soluzioni. PERCH\u00c9 NOI? T\u00fcrkiye&#8217;nin 81 ilindeki bayileri ile g\u00fcc\u00fcne g\u00fc\u00e7 katan firmam\u0131z, 4 k\u0131ta, 60&#8217;tan fazla [&hellip;]\" \/>\n<meta property=\"og:url\" content=\"https:\/\/www.ascfixing.com\/hakkimizda\/\" \/>\n<meta property=\"og:site_name\" content=\"Asc Fixing\" \/>\n<meta property=\"article:modified_time\" content=\"2026-01-28T11:14:36+00:00\" \/>\n<meta property=\"og:image\" content=\"https:\/\/www.ascfixing.com\/wp-content\/uploads\/2025\/06\/ascelik.0bcf1026171390b72931.jpg\" \/>\n\t<meta property=\"og:image:width\" content=\"800\" \/>\n\t<meta property=\"og:image:height\" content=\"375\" \/>\n\t<meta property=\"og:image:type\" content=\"image\/jpeg\" \/>\n<meta name=\"twitter:card\" content=\"summary_large_image\" \/>\n<meta name=\"twitter:label1\" content=\"Tiempo de lectura\" \/>\n\t<meta name=\"twitter:data1\" content=\"1 minuto\" \/>\n<script type=\"application\/ld+json\" class=\"yoast-schema-graph\">{\"@context\":\"https:\/\/schema.org\",\"@graph\":[{\"@type\":\"WebPage\",\"@id\":\"https:\/\/www.ascfixing.com\/hakkimizda\/\",\"url\":\"https:\/\/www.ascfixing.com\/hakkimizda\/\",\"name\":\"ACERCA DE NOSOTROS - Asc Fixing\",\"isPartOf\":{\"@id\":\"https:\/\/www.ascfixing.com\/it\/#website\"},\"primaryImageOfPage\":{\"@id\":\"https:\/\/www.ascfixing.com\/hakkimizda\/#primaryimage\"},\"image\":{\"@id\":\"https:\/\/www.ascfixing.com\/hakkimizda\/#primaryimage\"},\"thumbnailUrl\":\"https:\/\/www.ascfixing.com\/wp-content\/uploads\/2025\/06\/ascelik.0bcf1026171390b72931.jpg\",\"datePublished\":\"2025-05-30T19:52:27+00:00\",\"dateModified\":\"2026-01-28T11:14:36+00:00\",\"breadcrumb\":{\"@id\":\"https:\/\/www.ascfixing.com\/hakkimizda\/#breadcrumb\"},\"inLanguage\":\"es\",\"potentialAction\":[{\"@type\":\"ReadAction\",\"target\":[\"https:\/\/www.ascfixing.com\/hakkimizda\/\"]}]},{\"@type\":\"ImageObject\",\"inLanguage\":\"es\",\"@id\":\"https:\/\/www.ascfixing.com\/hakkimizda\/#primaryimage\",\"url\":\"https:\/\/www.ascfixing.com\/wp-content\/uploads\/2025\/06\/ascelik.0bcf1026171390b72931.jpg\",\"contentUrl\":\"https:\/\/www.ascfixing.com\/wp-content\/uploads\/2025\/06\/ascelik.0bcf1026171390b72931.jpg\"},{\"@type\":\"BreadcrumbList\",\"@id\":\"https:\/\/www.ascfixing.com\/hakkimizda\/#breadcrumb\",\"itemListElement\":[{\"@type\":\"ListItem\",\"position\":1,\"name\":\"Anasayfa\",\"item\":\"https:\/\/www.ascfixing.com\/es\/\"},{\"@type\":\"ListItem\",\"position\":2,\"name\":\"ACERCA DE NOSOTROS\"}]},{\"@type\":\"WebSite\",\"@id\":\"https:\/\/www.ascfixing.com\/it\/#website\",\"url\":\"https:\/\/www.ascfixing.com\/it\/\",\"name\":\"Asc Fixing\",\"description\":\"\",\"publisher\":{\"@id\":\"https:\/\/www.ascfixing.com\/it\/#organization\"},\"potentialAction\":[{\"@type\":\"SearchAction\",\"target\":{\"@type\":\"EntryPoint\",\"urlTemplate\":\"https:\/\/www.ascfixing.com\/it\/?s={search_term_string}\"},\"query-input\":{\"@type\":\"PropertyValueSpecification\",\"valueRequired\":true,\"valueName\":\"search_term_string\"}}],\"inLanguage\":\"es\"},{\"@type\":\"Organization\",\"@id\":\"https:\/\/www.ascfixing.com\/it\/#organization\",\"name\":\"Asc Fixing\",\"url\":\"https:\/\/www.ascfixing.com\/it\/\",\"logo\":{\"@type\":\"ImageObject\",\"inLanguage\":\"es\",\"@id\":\"https:\/\/www.ascfixing.com\/it\/#\/schema\/logo\/image\/\",\"url\":\"https:\/\/www.ascfixing.com\/wp-content\/uploads\/2025\/05\/asc-fixing-budanmis.png\",\"contentUrl\":\"https:\/\/www.ascfixing.com\/wp-content\/uploads\/2025\/05\/asc-fixing-budanmis.png\",\"width\":1666,\"height\":606,\"caption\":\"Asc Fixing\"},\"image\":{\"@id\":\"https:\/\/www.ascfixing.com\/it\/#\/schema\/logo\/image\/\"}}]}<\/script>\n<!-- \/ Yoast SEO plugin. -->","yoast_head_json":{"title":"ACERCA DE NOSOTROS - Asc Fixing","robots":{"index":"index","follow":"follow","max-snippet":"max-snippet:-1","max-image-preview":"max-image-preview:large","max-video-preview":"max-video-preview:-1"},"canonical":"https:\/\/www.ascfixing.com\/hakkimizda\/","og_locale":"es_ES","og_type":"article","og_title":"ACERCA DE NOSOTROS - Asc Fixing","og_description":"ACERCA DE NOSOTROS &nbsp; &nbsp; ASC FIXING \u00e8 un marchio ricercato nel settore dell&#8217;idraulica e della climatizzazione, noto per la sua qualit\u00e0 e la soddisfazione del cliente. Fascette per tubi, profili e vari prodotti di raccorderia offrono le migliori soluzioni. PERCH\u00c9 NOI? T\u00fcrkiye&#8217;nin 81 ilindeki bayileri ile g\u00fcc\u00fcne g\u00fc\u00e7 katan firmam\u0131z, 4 k\u0131ta, 60&#8217;tan fazla [&hellip;]","og_url":"https:\/\/www.ascfixing.com\/hakkimizda\/","og_site_name":"Asc Fixing","article_modified_time":"2026-01-28T11:14:36+00:00","og_image":[{"width":800,"height":375,"url":"https:\/\/www.ascfixing.com\/wp-content\/uploads\/2025\/06\/ascelik.0bcf1026171390b72931.jpg","type":"image\/jpeg"}],"twitter_card":"summary_large_image","twitter_misc":{"Tiempo de lectura":"1 minuto"},"schema":{"@context":"https:\/\/schema.org","@graph":[{"@type":"WebPage","@id":"https:\/\/www.ascfixing.com\/hakkimizda\/","url":"https:\/\/www.ascfixing.com\/hakkimizda\/","name":"ACERCA DE NOSOTROS - Asc Fixing","isPartOf":{"@id":"https:\/\/www.ascfixing.com\/it\/#website"},"primaryImageOfPage":{"@id":"https:\/\/www.ascfixing.com\/hakkimizda\/#primaryimage"},"image":{"@id":"https:\/\/www.ascfixing.com\/hakkimizda\/#primaryimage"},"thumbnailUrl":"https:\/\/www.ascfixing.com\/wp-content\/uploads\/2025\/06\/ascelik.0bcf1026171390b72931.jpg","datePublished":"2025-05-30T19:52:27+00:00","dateModified":"2026-01-28T11:14:36+00:00","breadcrumb":{"@id":"https:\/\/www.ascfixing.com\/hakkimizda\/#breadcrumb"},"inLanguage":"es","potentialAction":[{"@type":"ReadAction","target":["https:\/\/www.ascfixing.com\/hakkimizda\/"]}]},{"@type":"ImageObject","inLanguage":"es","@id":"https:\/\/www.ascfixing.com\/hakkimizda\/#primaryimage","url":"https:\/\/www.ascfixing.com\/wp-content\/uploads\/2025\/06\/ascelik.0bcf1026171390b72931.jpg","contentUrl":"https:\/\/www.ascfixing.com\/wp-content\/uploads\/2025\/06\/ascelik.0bcf1026171390b72931.jpg"},{"@type":"BreadcrumbList","@id":"https:\/\/www.ascfixing.com\/hakkimizda\/#breadcrumb","itemListElement":[{"@type":"ListItem","position":1,"name":"Anasayfa","item":"https:\/\/www.ascfixing.com\/es\/"},{"@type":"ListItem","position":2,"name":"ACERCA DE NOSOTROS"}]},{"@type":"WebSite","@id":"https:\/\/www.ascfixing.com\/it\/#website","url":"https:\/\/www.ascfixing.com\/it\/","name":"Asc Fixing","description":"","publisher":{"@id":"https:\/\/www.ascfixing.com\/it\/#organization"},"potentialAction":[{"@type":"SearchAction","target":{"@type":"EntryPoint","urlTemplate":"https:\/\/www.ascfixing.com\/it\/?s={search_term_string}"},"query-input":{"@type":"PropertyValueSpecification","valueRequired":true,"valueName":"search_term_string"}}],"inLanguage":"es"},{"@type":"Organization","@id":"https:\/\/www.ascfixing.com\/it\/#organization","name":"Asc Fixing","url":"https:\/\/www.ascfixing.com\/it\/","logo":{"@type":"ImageObject","inLanguage":"es","@id":"https:\/\/www.ascfixing.com\/it\/#\/schema\/logo\/image\/","url":"https:\/\/www.ascfixing.com\/wp-content\/uploads\/2025\/05\/asc-fixing-budanmis.png","contentUrl":"https:\/\/www.ascfixing.com\/wp-content\/uploads\/2025\/05\/asc-fixing-budanmis.png","width":1666,"height":606,"caption":"Asc Fixing"},"image":{"@id":"https:\/\/www.ascfixing.com\/it\/#\/schema\/logo\/image\/"}}]}},"_links":{"self":[{"href":"https:\/\/www.ascfixing.com\/es\/wp-json\/wp\/v2\/pages\/4565","targetHints":{"allow":["GET"]}}],"collection":[{"href":"https:\/\/www.ascfixing.com\/es\/wp-json\/wp\/v2\/pages"}],"about":[{"href":"https:\/\/www.ascfixing.com\/es\/wp-json\/wp\/v2\/types\/page"}],"author":[{"embeddable":true,"href":"https:\/\/www.ascfixing.com\/es\/wp-json\/wp\/v2\/users\/1"}],"replies":[{"embeddable":true,"href":"https:\/\/www.ascfixing.com\/es\/wp-json\/wp\/v2\/comments?post=4565"}],"version-history":[{"count":4,"href":"https:\/\/www.ascfixing.com\/es\/wp-json\/wp\/v2\/pages\/4565\/revisions"}],"predecessor-version":[{"id":5560,"href":"https:\/\/www.ascfixing.com\/es\/wp-json\/wp\/v2\/pages\/4565\/revisions\/5560"}],"wp:attachment":[{"href":"https:\/\/www.ascfixing.com\/es\/wp-json\/wp\/v2\/media?parent=4565"}],"curies":[{"name":"wp","href":"https:\/\/api.w.org\/{rel}","templated":true}]}}